{"id":9663,"date":"2021-07-27T15:47:42","date_gmt":"2021-07-27T13:47:42","guid":{"rendered":"https:\/\/wipomatic.nu\/?post_type=product&#038;p=9663"},"modified":"2026-01-26T19:24:49","modified_gmt":"2026-01-26T18:24:49","slug":"fhd-wipt-03-r-04-hd-digital-wireless-receiver-transmitter","status":"publish","type":"product","link":"https:\/\/wipomatic.nu\/en\/produkter\/fhd-wipt-03-r-04-hd-digital-wireless-receiver-transmitter\/","title":{"rendered":"FHD-WIPT-03,\/R-04, HD Digital Wireless Receiver \/ Transmitter"},"content":{"rendered":"<h1>FHD-1080P on the Digital Wireless System (DTS) with high quality.<\/h1>\n<p>FHD Receiver and FHD Transmitter in a package that you connect to AHD Monitor and FHD camera to get wireless transmission.<\/p>\n<p>You can also connect this with a set of non-HD products as long as both monitor and camera are without HD, so you cannot use an FHD camera with a monitor without HD and connect these.<\/p>\n<p>Visor\/Shutter camera can be connected via the transmitter, which, however, must be connected so that the transmitter receives a current signal when the hill is inserted (must have direct current, because then the visor is up all the time). However, cannot be used with the Tilt function.<\/p>\n<p>Made of strong metal for a tough environment.<\/p>\n<p>Loose Transmitter is mounted near the camera, can be connected to 12-32 volts.<\/p>\n<p>Receivers are connected to the camera input of the monitor.<\/p>\n<p>Through this system, you get a picture without interference, transmits a maximum of 300m and is IP69 rated.<\/p>\n<p>If you need to buy a separate part, it is the article number as below:<\/p>\n<p>Article number:<br \/>\nFHD-WipT-03, Transmitter<br \/>\nFHD-WipR-04, Receiver<\/p>\n<p>When you already have these and one has broken, you buy a separate part. If you have a receiver\/transmitter without HD, go to that page and buy parts, or exchange completely for this set.<\/p>\n<p><strong>IMPORTANT to note is that WIP checks its products and ensures that the correct software is in these wireless products. We therefore urge caution in purchasing cheaper variants of wireless products as there can be serious errors if you aren&#8217;t careful. Similar products (same shell) have been installed, and you then have problems with the image freezing and you can then miss what is in real time.<\/strong><\/p>\n","protected":false},"excerpt":{"rendered":"<p>FHD-1080P on the Digital Wireless System (DTS) with high quality. FHD Receiver and FHD Transmitter in a package that you connect to AHD Monitor and FHD camera to get wireless transmission. You can also connect this with a set of non-HD products as long as both monitor and camera are without HD, so you cannot [&#8230;]\n","protected":false},"featured_media":11152,"template":"","meta":[],"product_brand":[],"product_cat":[480,468,464,471,479,467,483,451,556],"product_tag":[530],"class_list":{"0":"post-9663","1":"product","2":"type-product","3":"status-publish","4":"has-post-thumbnail","6":"product_cat-accessories-other","7":"product_cat-rear-view-camera","8":"product_cat-rear-view-camera-set","9":"product_cat-standard-line-rear-view-camera","10":"product_cat-standard-line-monitor","11":"product_cat-standard-line-rear-view-camera-set","12":"product_cat-standard-line-accessories-other","13":"product_cat-wipomatic-en","14":"product_cat-wireless","15":"product_tag-first-page","17":"first","18":"instock","19":"taxable","20":"shipping-taxable","21":"purchasable","22":"product-type-simple"},"yoast_head":"<!-- This site is optimized with the Yoast SEO plugin v27.4 - https:\/\/yoast.com\/product\/yoast-seo-wordpress\/ -->\n<title>FHD-WIPT-03,\/R-04, HD Digital Wireless Receiver \/ Transmitter - WIP<\/title>\n<meta name=\"robots\" content=\"index, follow, max-snippet:-1, max-image-preview:large, max-video-preview:-1\" \/>\n<link rel=\"canonical\" href=\"https:\/\/wipomatic.nu\/en\/produkter\/fhd-wipt-03-r-04-hd-digital-wireless-receiver-transmitter\/\" \/>\n<meta property=\"og:locale\" content=\"en_US\" \/>\n<meta property=\"og:type\" content=\"article\" \/>\n<meta property=\"og:title\" content=\"FHD-WIPT-03,\/R-04, HD Digital Wireless Receiver \/ Transmitter - WIP\" \/>\n<meta property=\"og:description\" content=\"FHD-1080P on the Digital Wireless System (DTS) with high quality. FHD Receiver and FHD Transmitter in a package that you connect to AHD Monitor and FHD camera to get wireless transmission. You can also connect this with a set of non-HD products as long as both monitor and camera are without HD, so you cannot [...]\" \/>\n<meta property=\"og:url\" content=\"https:\/\/wipomatic.nu\/en\/produkter\/fhd-wipt-03-r-04-hd-digital-wireless-receiver-transmitter\/\" \/>\n<meta property=\"og:site_name\" content=\"WIP\" \/>\n<meta property=\"article:modified_time\" content=\"2026-01-26T18:24:49+00:00\" \/>\n<meta property=\"og:image\" content=\"https:\/\/wipomatic.nu\/wp-content\/uploads\/2024\/07\/WipT-WipR-2.png\" \/>\n\t<meta property=\"og:image:width\" content=\"831\" \/>\n\t<meta property=\"og:image:height\" content=\"505\" \/>\n\t<meta property=\"og:image:type\" content=\"image\/png\" \/>\n<meta name=\"twitter:card\" content=\"summary_large_image\" \/>\n<meta name=\"twitter:label1\" content=\"Est. reading time\" \/>\n\t<meta name=\"twitter:data1\" content=\"2 minutes\" \/>\n<script type=\"application\/ld+json\" class=\"yoast-schema-graph\">{\"@context\":\"https:\\\/\\\/schema.org\",\"@graph\":[{\"@type\":\"WebPage\",\"@id\":\"https:\\\/\\\/wipomatic.nu\\\/en\\\/produkter\\\/fhd-wipt-03-r-04-hd-digital-wireless-receiver-transmitter\\\/\",\"url\":\"https:\\\/\\\/wipomatic.nu\\\/en\\\/produkter\\\/fhd-wipt-03-r-04-hd-digital-wireless-receiver-transmitter\\\/\",\"name\":\"FHD-WIPT-03,\\\/R-04, HD Digital Wireless Receiver \\\/ Transmitter - WIP\",\"isPartOf\":{\"@id\":\"https:\\\/\\\/wipomatic.nu\\\/#website\"},\"primaryImageOfPage\":{\"@id\":\"https:\\\/\\\/wipomatic.nu\\\/en\\\/produkter\\\/fhd-wipt-03-r-04-hd-digital-wireless-receiver-transmitter\\\/#primaryimage\"},\"image\":{\"@id\":\"https:\\\/\\\/wipomatic.nu\\\/en\\\/produkter\\\/fhd-wipt-03-r-04-hd-digital-wireless-receiver-transmitter\\\/#primaryimage\"},\"thumbnailUrl\":\"https:\\\/\\\/wipomatic.nu\\\/wp-content\\\/uploads\\\/2024\\\/07\\\/WipT-WipR-2.png\",\"datePublished\":\"2021-07-27T13:47:42+00:00\",\"dateModified\":\"2026-01-26T18:24:49+00:00\",\"breadcrumb\":{\"@id\":\"https:\\\/\\\/wipomatic.nu\\\/en\\\/produkter\\\/fhd-wipt-03-r-04-hd-digital-wireless-receiver-transmitter\\\/#breadcrumb\"},\"inLanguage\":\"en-US\",\"potentialAction\":[{\"@type\":\"ReadAction\",\"target\":[\"https:\\\/\\\/wipomatic.nu\\\/en\\\/produkter\\\/fhd-wipt-03-r-04-hd-digital-wireless-receiver-transmitter\\\/\"]}]},{\"@type\":\"ImageObject\",\"inLanguage\":\"en-US\",\"@id\":\"https:\\\/\\\/wipomatic.nu\\\/en\\\/produkter\\\/fhd-wipt-03-r-04-hd-digital-wireless-receiver-transmitter\\\/#primaryimage\",\"url\":\"https:\\\/\\\/wipomatic.nu\\\/wp-content\\\/uploads\\\/2024\\\/07\\\/WipT-WipR-2.png\",\"contentUrl\":\"https:\\\/\\\/wipomatic.nu\\\/wp-content\\\/uploads\\\/2024\\\/07\\\/WipT-WipR-2.png\",\"width\":831,\"height\":505,\"caption\":\"Tr\u00e5dl\u00f6s mottagare S\u00e4ndare\"},{\"@type\":\"BreadcrumbList\",\"@id\":\"https:\\\/\\\/wipomatic.nu\\\/en\\\/produkter\\\/fhd-wipt-03-r-04-hd-digital-wireless-receiver-transmitter\\\/#breadcrumb\",\"itemListElement\":[{\"@type\":\"ListItem\",\"position\":1,\"name\":\"Home\",\"item\":\"https:\\\/\\\/wipomatic.nu\\\/en\\\/\"},{\"@type\":\"ListItem\",\"position\":2,\"name\":\"Products\",\"item\":\"https:\\\/\\\/wipomatic.nu\\\/en\\\/products\\\/\"},{\"@type\":\"ListItem\",\"position\":3,\"name\":\"FHD-WIPT-03,\\\/R-04, HD Digital Wireless Receiver \\\/ Transmitter\"}]},{\"@type\":\"WebSite\",\"@id\":\"https:\\\/\\\/wipomatic.nu\\\/#website\",\"url\":\"https:\\\/\\\/wipomatic.nu\\\/\",\"name\":\"WIP\",\"description\":\"\",\"potentialAction\":[{\"@type\":\"SearchAction\",\"target\":{\"@type\":\"EntryPoint\",\"urlTemplate\":\"https:\\\/\\\/wipomatic.nu\\\/?s={search_term_string}\"},\"query-input\":{\"@type\":\"PropertyValueSpecification\",\"valueRequired\":true,\"valueName\":\"search_term_string\"}}],\"inLanguage\":\"en-US\"}]}<\/script>\n<!-- \/ Yoast SEO plugin. -->","yoast_head_json":{"title":"FHD-WIPT-03,\/R-04, HD Digital Wireless Receiver \/ Transmitter - WIP","robots":{"index":"index","follow":"follow","max-snippet":"max-snippet:-1","max-image-preview":"max-image-preview:large","max-video-preview":"max-video-preview:-1"},"canonical":"https:\/\/wipomatic.nu\/en\/produkter\/fhd-wipt-03-r-04-hd-digital-wireless-receiver-transmitter\/","og_locale":"en_US","og_type":"article","og_title":"FHD-WIPT-03,\/R-04, HD Digital Wireless Receiver \/ Transmitter - WIP","og_description":"FHD-1080P on the Digital Wireless System (DTS) with high quality. FHD Receiver and FHD Transmitter in a package that you connect to AHD Monitor and FHD camera to get wireless transmission. You can also connect this with a set of non-HD products as long as both monitor and camera are without HD, so you cannot [...]","og_url":"https:\/\/wipomatic.nu\/en\/produkter\/fhd-wipt-03-r-04-hd-digital-wireless-receiver-transmitter\/","og_site_name":"WIP","article_modified_time":"2026-01-26T18:24:49+00:00","og_image":[{"width":831,"height":505,"url":"https:\/\/wipomatic.nu\/wp-content\/uploads\/2024\/07\/WipT-WipR-2.png","type":"image\/png"}],"twitter_card":"summary_large_image","twitter_misc":{"Est. reading time":"2 minutes"},"schema":{"@context":"https:\/\/schema.org","@graph":[{"@type":"WebPage","@id":"https:\/\/wipomatic.nu\/en\/produkter\/fhd-wipt-03-r-04-hd-digital-wireless-receiver-transmitter\/","url":"https:\/\/wipomatic.nu\/en\/produkter\/fhd-wipt-03-r-04-hd-digital-wireless-receiver-transmitter\/","name":"FHD-WIPT-03,\/R-04, HD Digital Wireless Receiver \/ Transmitter - WIP","isPartOf":{"@id":"https:\/\/wipomatic.nu\/#website"},"primaryImageOfPage":{"@id":"https:\/\/wipomatic.nu\/en\/produkter\/fhd-wipt-03-r-04-hd-digital-wireless-receiver-transmitter\/#primaryimage"},"image":{"@id":"https:\/\/wipomatic.nu\/en\/produkter\/fhd-wipt-03-r-04-hd-digital-wireless-receiver-transmitter\/#primaryimage"},"thumbnailUrl":"https:\/\/wipomatic.nu\/wp-content\/uploads\/2024\/07\/WipT-WipR-2.png","datePublished":"2021-07-27T13:47:42+00:00","dateModified":"2026-01-26T18:24:49+00:00","breadcrumb":{"@id":"https:\/\/wipomatic.nu\/en\/produkter\/fhd-wipt-03-r-04-hd-digital-wireless-receiver-transmitter\/#breadcrumb"},"inLanguage":"en-US","potentialAction":[{"@type":"ReadAction","target":["https:\/\/wipomatic.nu\/en\/produkter\/fhd-wipt-03-r-04-hd-digital-wireless-receiver-transmitter\/"]}]},{"@type":"ImageObject","inLanguage":"en-US","@id":"https:\/\/wipomatic.nu\/en\/produkter\/fhd-wipt-03-r-04-hd-digital-wireless-receiver-transmitter\/#primaryimage","url":"https:\/\/wipomatic.nu\/wp-content\/uploads\/2024\/07\/WipT-WipR-2.png","contentUrl":"https:\/\/wipomatic.nu\/wp-content\/uploads\/2024\/07\/WipT-WipR-2.png","width":831,"height":505,"caption":"Tr\u00e5dl\u00f6s mottagare S\u00e4ndare"},{"@type":"BreadcrumbList","@id":"https:\/\/wipomatic.nu\/en\/produkter\/fhd-wipt-03-r-04-hd-digital-wireless-receiver-transmitter\/#breadcrumb","itemListElement":[{"@type":"ListItem","position":1,"name":"Home","item":"https:\/\/wipomatic.nu\/en\/"},{"@type":"ListItem","position":2,"name":"Products","item":"https:\/\/wipomatic.nu\/en\/products\/"},{"@type":"ListItem","position":3,"name":"FHD-WIPT-03,\/R-04, HD Digital Wireless Receiver \/ Transmitter"}]},{"@type":"WebSite","@id":"https:\/\/wipomatic.nu\/#website","url":"https:\/\/wipomatic.nu\/","name":"WIP","description":"","potentialAction":[{"@type":"SearchAction","target":{"@type":"EntryPoint","urlTemplate":"https:\/\/wipomatic.nu\/?s={search_term_string}"},"query-input":{"@type":"PropertyValueSpecification","valueRequired":true,"valueName":"search_term_string"}}],"inLanguage":"en-US"}]}},"_links":{"self":[{"href":"https:\/\/wipomatic.nu\/en\/wp-json\/wp\/v2\/product\/9663","targetHints":{"allow":["GET"]}}],"collection":[{"href":"https:\/\/wipomatic.nu\/en\/wp-json\/wp\/v2\/product"}],"about":[{"href":"https:\/\/wipomatic.nu\/en\/wp-json\/wp\/v2\/types\/product"}],"wp:featuredmedia":[{"embeddable":true,"href":"https:\/\/wipomatic.nu\/en\/wp-json\/wp\/v2\/media\/11152"}],"wp:attachment":[{"href":"https:\/\/wipomatic.nu\/en\/wp-json\/wp\/v2\/media?parent=9663"}],"wp:term":[{"taxonomy":"product_brand","embeddable":true,"href":"https:\/\/wipomatic.nu\/en\/wp-json\/wp\/v2\/product_brand?post=9663"},{"taxonomy":"product_cat","embeddable":true,"href":"https:\/\/wipomatic.nu\/en\/wp-json\/wp\/v2\/product_cat?post=9663"},{"taxonomy":"product_tag","embeddable":true,"href":"https:\/\/wipomatic.nu\/en\/wp-json\/wp\/v2\/product_tag?post=9663"}],"curies":[{"name":"wp","href":"https:\/\/api.w.org\/{rel}","templated":true}]}}