{"id":9525,"date":"2021-03-04T01:12:01","date_gmt":"2021-03-04T00:12:01","guid":{"rendered":"https:\/\/wipomatic.nu\/?post_type=product&#038;p=9525"},"modified":"2024-07-08T21:48:31","modified_gmt":"2024-07-08T19:48:31","slug":"w160-f60wl-93660dr-work-light-emc-class-5-9-36volt-60watt-dimmable","status":"publish","type":"product","link":"https:\/\/wipomatic.nu\/en\/produkter\/w160-f60wl-93660dr-work-light-emc-class-5-9-36volt-60watt-dimmable\/","title":{"rendered":"W160-F60WL-93660Dr, Work light EMC Class 5, 9-36Volt &#8211; 60Watt, Dimmable"},"content":{"rendered":"<p>WIP Light&#8217;s own produced work lamp, where together with the wishes of several different partners, we have developed the optimized work lamp with the best components. Please see our video how we test our WIP Light working lamp on the first page.<\/p>\n<p><strong>Working light LED 60W, Dimmable<\/strong><br \/>\n<strong> 6 pcs \u201dHigh Power\u201d 10W OSRAM LED<\/strong><br \/>\n<strong>Beam pattern: Flood eller Spot<\/strong><br \/>\n<b>Color: black<\/b><br \/>\n<strong>Color temperature: 6.000-6500K<\/strong><br \/>\n<strong> Voltage: Multivolt, 9-36V<\/strong><br \/>\n<strong> Lumen: 5.400lm<\/strong><br \/>\n<strong> More than 50.000 hours life span<\/strong><br \/>\n<strong> Vibration: 15 Grms 24- 2400Hz<\/strong><br \/>\n<strong>Cable: protected<\/strong><br \/>\n<strong>Over heating: protected<\/strong><br \/>\n<strong>PC Lens: Unbreakable<br \/>\n<\/strong><strong>Deutch 2-pin connector<br \/>\n<\/strong><strong>Temp intervall: -40 &#8211; +85 degrees<br \/>\n<\/strong><strong>Size: 104,9&#215;104,9 (131 with bracket)x deeps 91,1 mm<\/strong><strong><br \/>\nCE and RoHS\u00a0Certifikat Highest EMC Class 5-EN55025<br \/>\n<\/strong><strong>IP 69K<\/strong><\/p>\n<p>When only the best is your requirement!<\/p>\n","protected":false},"excerpt":{"rendered":"<p>WIP Light&#8217;s own produced work lamp, where together with the wishes of several different partners, we have developed the optimized work lamp with the best components. Please see our video how we test our WIP Light working lamp on the first page. Working light LED 60W, Dimmable 6 pcs \u201dHigh Power\u201d 10W OSRAM LED Beam [&#8230;]\n","protected":false},"featured_media":5969,"template":"","meta":[],"product_brand":[],"product_cat":[456,455,459],"product_tag":[530],"class_list":{"0":"post-9525","1":"product","2":"type-product","3":"status-publish","4":"has-post-thumbnail","6":"product_cat-premium-line","7":"product_cat-wip-light-led-light","8":"product_cat-work-lights","9":"product_tag-first-page","11":"first","12":"instock","13":"taxable","14":"shipping-taxable","15":"purchasable","16":"product-type-variable","17":"has-default-attributes"},"yoast_head":"<!-- This site is optimized with the Yoast SEO plugin v27.4 - https:\/\/yoast.com\/product\/yoast-seo-wordpress\/ -->\n<title>W160-F60WL-93660Dr, Work light EMC Class 5, 9-36Volt - 60Watt, Dimmable - WIP<\/title>\n<meta name=\"robots\" content=\"index, follow, max-snippet:-1, max-image-preview:large, max-video-preview:-1\" \/>\n<link rel=\"canonical\" href=\"https:\/\/wipomatic.nu\/en\/produkter\/w160-f60wl-93660dr-work-light-emc-class-5-9-36volt-60watt-dimmable\/\" \/>\n<meta property=\"og:locale\" content=\"en_US\" \/>\n<meta property=\"og:type\" content=\"article\" \/>\n<meta property=\"og:title\" content=\"W160-F60WL-93660Dr, Work light EMC Class 5, 9-36Volt - 60Watt, Dimmable - WIP\" \/>\n<meta property=\"og:description\" content=\"WIP Light&#8217;s own produced work lamp, where together with the wishes of several different partners, we have developed the optimized work lamp with the best components. Please see our video how we test our WIP Light working lamp on the first page. Working light LED 60W, Dimmable 6 pcs \u201dHigh Power\u201d 10W OSRAM LED Beam [...]\" \/>\n<meta property=\"og:url\" content=\"https:\/\/wipomatic.nu\/en\/produkter\/w160-f60wl-93660dr-work-light-emc-class-5-9-36volt-60watt-dimmable\/\" \/>\n<meta property=\"og:site_name\" content=\"WIP\" \/>\n<meta property=\"article:modified_time\" content=\"2024-07-08T19:48:31+00:00\" \/>\n<meta property=\"og:image\" content=\"https:\/\/wipomatic.nu\/wp-content\/uploads\/2016\/12\/frilagd-v\u00e4nster-fram.png\" \/>\n\t<meta property=\"og:image:width\" content=\"1920\" \/>\n\t<meta property=\"og:image:height\" content=\"1435\" \/>\n\t<meta property=\"og:image:type\" content=\"image\/png\" \/>\n<meta name=\"twitter:card\" content=\"summary_large_image\" \/>\n<meta name=\"twitter:label1\" content=\"Est. reading time\" \/>\n\t<meta name=\"twitter:data1\" content=\"1 minute\" \/>\n<script type=\"application\/ld+json\" class=\"yoast-schema-graph\">{\"@context\":\"https:\\\/\\\/schema.org\",\"@graph\":[{\"@type\":\"WebPage\",\"@id\":\"https:\\\/\\\/wipomatic.nu\\\/en\\\/produkter\\\/w160-f60wl-93660dr-work-light-emc-class-5-9-36volt-60watt-dimmable\\\/\",\"url\":\"https:\\\/\\\/wipomatic.nu\\\/en\\\/produkter\\\/w160-f60wl-93660dr-work-light-emc-class-5-9-36volt-60watt-dimmable\\\/\",\"name\":\"W160-F60WL-93660Dr, Work light EMC Class 5, 9-36Volt - 60Watt, Dimmable - WIP\",\"isPartOf\":{\"@id\":\"https:\\\/\\\/wipomatic.nu\\\/#website\"},\"primaryImageOfPage\":{\"@id\":\"https:\\\/\\\/wipomatic.nu\\\/en\\\/produkter\\\/w160-f60wl-93660dr-work-light-emc-class-5-9-36volt-60watt-dimmable\\\/#primaryimage\"},\"image\":{\"@id\":\"https:\\\/\\\/wipomatic.nu\\\/en\\\/produkter\\\/w160-f60wl-93660dr-work-light-emc-class-5-9-36volt-60watt-dimmable\\\/#primaryimage\"},\"thumbnailUrl\":\"https:\\\/\\\/wipomatic.nu\\\/wp-content\\\/uploads\\\/2016\\\/12\\\/frilagd-v\u00e4nster-fram.png\",\"datePublished\":\"2021-03-04T00:12:01+00:00\",\"dateModified\":\"2024-07-08T19:48:31+00:00\",\"breadcrumb\":{\"@id\":\"https:\\\/\\\/wipomatic.nu\\\/en\\\/produkter\\\/w160-f60wl-93660dr-work-light-emc-class-5-9-36volt-60watt-dimmable\\\/#breadcrumb\"},\"inLanguage\":\"en-US\",\"potentialAction\":[{\"@type\":\"ReadAction\",\"target\":[\"https:\\\/\\\/wipomatic.nu\\\/en\\\/produkter\\\/w160-f60wl-93660dr-work-light-emc-class-5-9-36volt-60watt-dimmable\\\/\"]}]},{\"@type\":\"ImageObject\",\"inLanguage\":\"en-US\",\"@id\":\"https:\\\/\\\/wipomatic.nu\\\/en\\\/produkter\\\/w160-f60wl-93660dr-work-light-emc-class-5-9-36volt-60watt-dimmable\\\/#primaryimage\",\"url\":\"https:\\\/\\\/wipomatic.nu\\\/wp-content\\\/uploads\\\/2016\\\/12\\\/frilagd-v\u00e4nster-fram.png\",\"contentUrl\":\"https:\\\/\\\/wipomatic.nu\\\/wp-content\\\/uploads\\\/2016\\\/12\\\/frilagd-v\u00e4nster-fram.png\",\"width\":1920,\"height\":1435,\"caption\":\"WIP Light\u00b4s egen producerade arbetslampa, d\u00e4r vi tillsammans med flera olika samarbetspartners \u00f6nskem\u00e5l tagit fram den optimerade arbetslampan med de b\u00e4sta komponenterna. Se g\u00e4rna v\u00e5r video hur vi testar v\u00e5ra WIPLight lampor p\u00e5 startsidan. LED arbetsljus 42W, Dimringsbar \\\"hel och halv ljus\\\" 6 st \u201dHigh Power\u201d 7W OSRAM LED Ljusbild: Flood eller Spot F\u00e4rg: svart F\u00e4rgtemp: 6.000-6500K Volt : Multivolt, 9-36V Lumen: 3240lm Mer \u00e4n 50.000 timmars livsl\u00e4ngd Vibration: 15 Grms 24- 2400Hz Kabel fel: Skyddad \u00d6verhettning: skyddad Okrossbar PC lins Deutch 2-pin kontakt Temp intervall: -40 - +85 grader Storlek: 104,9x104,9 (131 med f\u00e4stet)x djup 91,1 mm CE och RoHS\u00a0Certifikat H\u00f6gsta EMC klass 5-EN55025 IP 69K N\u00e4r bara det b\u00e4sta \u00e4r ditt krav! Vi har sett till att v\u00e5ra original lampor W160-F60WL har ett f\u00f6ljenummer inprintat. Vi har \u00e4ven m\u00f6jlighet att ta fram \u00f6nskat Lumen (max 60W), Kalvin och \u00f6nskad procentantal p\u00e5 dimring, vid f\u00f6rfr\u00e5gan p\u00e5 st\u00f6rre kvantiteter.\"},{\"@type\":\"BreadcrumbList\",\"@id\":\"https:\\\/\\\/wipomatic.nu\\\/en\\\/produkter\\\/w160-f60wl-93660dr-work-light-emc-class-5-9-36volt-60watt-dimmable\\\/#breadcrumb\",\"itemListElement\":[{\"@type\":\"ListItem\",\"position\":1,\"name\":\"Home\",\"item\":\"https:\\\/\\\/wipomatic.nu\\\/en\\\/\"},{\"@type\":\"ListItem\",\"position\":2,\"name\":\"Products\",\"item\":\"https:\\\/\\\/wipomatic.nu\\\/en\\\/products\\\/\"},{\"@type\":\"ListItem\",\"position\":3,\"name\":\"W160-F60WL-93660Dr, Work light EMC Class 5, 9-36Volt &#8211; 60Watt, Dimmable\"}]},{\"@type\":\"WebSite\",\"@id\":\"https:\\\/\\\/wipomatic.nu\\\/#website\",\"url\":\"https:\\\/\\\/wipomatic.nu\\\/\",\"name\":\"WIP\",\"description\":\"\",\"potentialAction\":[{\"@type\":\"SearchAction\",\"target\":{\"@type\":\"EntryPoint\",\"urlTemplate\":\"https:\\\/\\\/wipomatic.nu\\\/?s={search_term_string}\"},\"query-input\":{\"@type\":\"PropertyValueSpecification\",\"valueRequired\":true,\"valueName\":\"search_term_string\"}}],\"inLanguage\":\"en-US\"}]}<\/script>\n<!-- \/ Yoast SEO plugin. -->","yoast_head_json":{"title":"W160-F60WL-93660Dr, Work light EMC Class 5, 9-36Volt - 60Watt, Dimmable - WIP","robots":{"index":"index","follow":"follow","max-snippet":"max-snippet:-1","max-image-preview":"max-image-preview:large","max-video-preview":"max-video-preview:-1"},"canonical":"https:\/\/wipomatic.nu\/en\/produkter\/w160-f60wl-93660dr-work-light-emc-class-5-9-36volt-60watt-dimmable\/","og_locale":"en_US","og_type":"article","og_title":"W160-F60WL-93660Dr, Work light EMC Class 5, 9-36Volt - 60Watt, Dimmable - WIP","og_description":"WIP Light&#8217;s own produced work lamp, where together with the wishes of several different partners, we have developed the optimized work lamp with the best components. Please see our video how we test our WIP Light working lamp on the first page. Working light LED 60W, Dimmable 6 pcs \u201dHigh Power\u201d 10W OSRAM LED Beam [...]","og_url":"https:\/\/wipomatic.nu\/en\/produkter\/w160-f60wl-93660dr-work-light-emc-class-5-9-36volt-60watt-dimmable\/","og_site_name":"WIP","article_modified_time":"2024-07-08T19:48:31+00:00","og_image":[{"width":1920,"height":1435,"url":"https:\/\/wipomatic.nu\/wp-content\/uploads\/2016\/12\/frilagd-v\u00e4nster-fram.png","type":"image\/png"}],"twitter_card":"summary_large_image","twitter_misc":{"Est. reading time":"1 minute"},"schema":{"@context":"https:\/\/schema.org","@graph":[{"@type":"WebPage","@id":"https:\/\/wipomatic.nu\/en\/produkter\/w160-f60wl-93660dr-work-light-emc-class-5-9-36volt-60watt-dimmable\/","url":"https:\/\/wipomatic.nu\/en\/produkter\/w160-f60wl-93660dr-work-light-emc-class-5-9-36volt-60watt-dimmable\/","name":"W160-F60WL-93660Dr, Work light EMC Class 5, 9-36Volt - 60Watt, Dimmable - WIP","isPartOf":{"@id":"https:\/\/wipomatic.nu\/#website"},"primaryImageOfPage":{"@id":"https:\/\/wipomatic.nu\/en\/produkter\/w160-f60wl-93660dr-work-light-emc-class-5-9-36volt-60watt-dimmable\/#primaryimage"},"image":{"@id":"https:\/\/wipomatic.nu\/en\/produkter\/w160-f60wl-93660dr-work-light-emc-class-5-9-36volt-60watt-dimmable\/#primaryimage"},"thumbnailUrl":"https:\/\/wipomatic.nu\/wp-content\/uploads\/2016\/12\/frilagd-v\u00e4nster-fram.png","datePublished":"2021-03-04T00:12:01+00:00","dateModified":"2024-07-08T19:48:31+00:00","breadcrumb":{"@id":"https:\/\/wipomatic.nu\/en\/produkter\/w160-f60wl-93660dr-work-light-emc-class-5-9-36volt-60watt-dimmable\/#breadcrumb"},"inLanguage":"en-US","potentialAction":[{"@type":"ReadAction","target":["https:\/\/wipomatic.nu\/en\/produkter\/w160-f60wl-93660dr-work-light-emc-class-5-9-36volt-60watt-dimmable\/"]}]},{"@type":"ImageObject","inLanguage":"en-US","@id":"https:\/\/wipomatic.nu\/en\/produkter\/w160-f60wl-93660dr-work-light-emc-class-5-9-36volt-60watt-dimmable\/#primaryimage","url":"https:\/\/wipomatic.nu\/wp-content\/uploads\/2016\/12\/frilagd-v\u00e4nster-fram.png","contentUrl":"https:\/\/wipomatic.nu\/wp-content\/uploads\/2016\/12\/frilagd-v\u00e4nster-fram.png","width":1920,"height":1435,"caption":"WIP Light\u00b4s egen producerade arbetslampa, d\u00e4r vi tillsammans med flera olika samarbetspartners \u00f6nskem\u00e5l tagit fram den optimerade arbetslampan med de b\u00e4sta komponenterna. Se g\u00e4rna v\u00e5r video hur vi testar v\u00e5ra WIPLight lampor p\u00e5 startsidan. LED arbetsljus 42W, Dimringsbar \"hel och halv ljus\" 6 st \u201dHigh Power\u201d 7W OSRAM LED Ljusbild: Flood eller Spot F\u00e4rg: svart F\u00e4rgtemp: 6.000-6500K Volt : Multivolt, 9-36V Lumen: 3240lm Mer \u00e4n 50.000 timmars livsl\u00e4ngd Vibration: 15 Grms 24- 2400Hz Kabel fel: Skyddad \u00d6verhettning: skyddad Okrossbar PC lins Deutch 2-pin kontakt Temp intervall: -40 - +85 grader Storlek: 104,9x104,9 (131 med f\u00e4stet)x djup 91,1 mm CE och RoHS\u00a0Certifikat H\u00f6gsta EMC klass 5-EN55025 IP 69K N\u00e4r bara det b\u00e4sta \u00e4r ditt krav! Vi har sett till att v\u00e5ra original lampor W160-F60WL har ett f\u00f6ljenummer inprintat. Vi har \u00e4ven m\u00f6jlighet att ta fram \u00f6nskat Lumen (max 60W), Kalvin och \u00f6nskad procentantal p\u00e5 dimring, vid f\u00f6rfr\u00e5gan p\u00e5 st\u00f6rre kvantiteter."},{"@type":"BreadcrumbList","@id":"https:\/\/wipomatic.nu\/en\/produkter\/w160-f60wl-93660dr-work-light-emc-class-5-9-36volt-60watt-dimmable\/#breadcrumb","itemListElement":[{"@type":"ListItem","position":1,"name":"Home","item":"https:\/\/wipomatic.nu\/en\/"},{"@type":"ListItem","position":2,"name":"Products","item":"https:\/\/wipomatic.nu\/en\/products\/"},{"@type":"ListItem","position":3,"name":"W160-F60WL-93660Dr, Work light EMC Class 5, 9-36Volt &#8211; 60Watt, Dimmable"}]},{"@type":"WebSite","@id":"https:\/\/wipomatic.nu\/#website","url":"https:\/\/wipomatic.nu\/","name":"WIP","description":"","potentialAction":[{"@type":"SearchAction","target":{"@type":"EntryPoint","urlTemplate":"https:\/\/wipomatic.nu\/?s={search_term_string}"},"query-input":{"@type":"PropertyValueSpecification","valueRequired":true,"valueName":"search_term_string"}}],"inLanguage":"en-US"}]}},"_links":{"self":[{"href":"https:\/\/wipomatic.nu\/en\/wp-json\/wp\/v2\/product\/9525","targetHints":{"allow":["GET"]}}],"collection":[{"href":"https:\/\/wipomatic.nu\/en\/wp-json\/wp\/v2\/product"}],"about":[{"href":"https:\/\/wipomatic.nu\/en\/wp-json\/wp\/v2\/types\/product"}],"wp:featuredmedia":[{"embeddable":true,"href":"https:\/\/wipomatic.nu\/en\/wp-json\/wp\/v2\/media\/5969"}],"wp:attachment":[{"href":"https:\/\/wipomatic.nu\/en\/wp-json\/wp\/v2\/media?parent=9525"}],"wp:term":[{"taxonomy":"product_brand","embeddable":true,"href":"https:\/\/wipomatic.nu\/en\/wp-json\/wp\/v2\/product_brand?post=9525"},{"taxonomy":"product_cat","embeddable":true,"href":"https:\/\/wipomatic.nu\/en\/wp-json\/wp\/v2\/product_cat?post=9525"},{"taxonomy":"product_tag","embeddable":true,"href":"https:\/\/wipomatic.nu\/en\/wp-json\/wp\/v2\/product_tag?post=9525"}],"curies":[{"name":"wp","href":"https:\/\/api.w.org\/{rel}","templated":true}]}}