{"id":11271,"date":"2024-08-30T12:57:22","date_gmt":"2024-08-30T10:57:22","guid":{"rendered":"https:\/\/wipomatic.nu\/?post_type=product&#038;p=11271"},"modified":"2024-10-12T13:12:57","modified_gmt":"2024-10-12T11:12:57","slug":"hd-wzm-7q1080-set-7-wireless-ahd-1080p-quad-monitor-with-camera","status":"publish","type":"product","link":"https:\/\/wipomatic.nu\/en\/produkter\/hd-wzm-7q1080-set-7-wireless-ahd-1080p-quad-monitor-with-camera\/","title":{"rendered":"HD-WZM-7Q1080-Set, 7&#8243; Wireless AHD 1080P Quad Monitor with Camera"},"content":{"rendered":"<p><strong>HD-WZM-7Q1080-Set<\/strong><\/p>\n<p>7&#8243; Wireless AHD 1080P Quad Monitor, 2.4 GHz Digital wireless system integrated into the monitor with camera<\/p>\n<p>Has a range of up to 300 meters (free range)<\/p>\n<p>Place the monitor horizontally, vertically or mirrored<\/p>\n<p>See up to 4 cameras at the same time (4 cameras can be connected in the monitor).<\/p>\n<p>Automatic synchronization of cameras.<\/p>\n<p>10-32V can be plugged into both the monitor and the camera.<\/p>\n<p><strong>The monitor:<\/strong><br \/>\n2.4 GHz digital wireless Quad monitor AHD<br \/>\nAutomatic pairing when the camera is running<br \/>\n10-32 Volts<br \/>\nUp to 300 meters range (in open terrain)<br \/>\nWorking temperature: -20 degrees &#8211; +70 degrees Humidity 90%<br \/>\nStorage temperature -30 &#8211; +80 degrees Humidity 90%<br \/>\nResolution 1024x 3 (RGB) x600<br \/>\nContrast 800:1<br \/>\nSound 1.5W\/8<\/p>\n<p>Includes a FHD-WT1080 camera in this Wireless set.<\/p>\n<p>Wireless Cameras for this monitor can be found under Art no. FHD-WT1080 or camera with visor\/shutter Art no. FHD-WT1080-V<\/p>\n<p>A wireless transmitter FHD-WipT-03 can also be connected to this monitor so you can choose Wipomatic&#8217;s wired cameras with and without HD\/FHD.<\/p>\n","protected":false},"excerpt":{"rendered":"<p>HD-WZM-7Q1080-Set 7&#8243; Wireless AHD 1080P Quad Monitor, 2.4 GHz Digital wireless system integrated into the monitor with camera Has a range of up to 300 meters (free range) Place the monitor horizontally, vertically or mirrored See up to 4 cameras at the same time (4 cameras can be connected in the monitor). Automatic synchronization of [&#8230;]\n","protected":false},"featured_media":10392,"template":"","meta":[],"product_brand":[],"product_cat":[546,464,467,451,556],"product_tag":[530],"class_list":{"0":"post-11271","1":"product","2":"type-product","3":"status-publish","4":"has-post-thumbnail","6":"product_cat-news-and-top-choice","7":"product_cat-rear-view-camera-set","8":"product_cat-standard-line-rear-view-camera-set","9":"product_cat-wipomatic-en","10":"product_cat-wireless","11":"product_tag-first-page","13":"first","14":"instock","15":"taxable","16":"shipping-taxable","17":"purchasable","18":"product-type-simple"},"yoast_head":"<!-- This site is optimized with the Yoast SEO plugin v27.4 - https:\/\/yoast.com\/product\/yoast-seo-wordpress\/ -->\n<title>HD-WZM-7Q1080-Set, 7&quot; Wireless AHD 1080P Quad Monitor with Camera - WIP<\/title>\n<meta name=\"robots\" content=\"index, follow, max-snippet:-1, max-image-preview:large, max-video-preview:-1\" \/>\n<link rel=\"canonical\" href=\"https:\/\/wipomatic.nu\/en\/produkter\/hd-wzm-7q1080-set-7-wireless-ahd-1080p-quad-monitor-with-camera\/\" \/>\n<meta property=\"og:locale\" content=\"en_US\" \/>\n<meta property=\"og:type\" content=\"article\" \/>\n<meta property=\"og:title\" content=\"HD-WZM-7Q1080-Set, 7&quot; Wireless AHD 1080P Quad Monitor with Camera - WIP\" \/>\n<meta property=\"og:description\" content=\"HD-WZM-7Q1080-Set 7&#8243; Wireless AHD 1080P Quad Monitor, 2.4 GHz Digital wireless system integrated into the monitor with camera Has a range of up to 300 meters (free range) Place the monitor horizontally, vertically or mirrored See up to 4 cameras at the same time (4 cameras can be connected in the monitor). Automatic synchronization of [...]\" \/>\n<meta property=\"og:url\" content=\"https:\/\/wipomatic.nu\/en\/produkter\/hd-wzm-7q1080-set-7-wireless-ahd-1080p-quad-monitor-with-camera\/\" \/>\n<meta property=\"og:site_name\" content=\"WIP\" \/>\n<meta property=\"article:modified_time\" content=\"2024-10-12T11:12:57+00:00\" \/>\n<meta property=\"og:image\" content=\"https:\/\/wipomatic.nu\/wp-content\/uploads\/2019\/05\/48-PhotoRoom.jpg\" \/>\n\t<meta property=\"og:image:width\" content=\"1512\" \/>\n\t<meta property=\"og:image:height\" content=\"1512\" \/>\n\t<meta property=\"og:image:type\" content=\"image\/jpeg\" \/>\n<meta name=\"twitter:card\" content=\"summary_large_image\" \/>\n<meta name=\"twitter:label1\" content=\"Est. reading time\" \/>\n\t<meta name=\"twitter:data1\" content=\"1 minute\" \/>\n<script type=\"application\/ld+json\" class=\"yoast-schema-graph\">{\"@context\":\"https:\\\/\\\/schema.org\",\"@graph\":[{\"@type\":\"WebPage\",\"@id\":\"https:\\\/\\\/wipomatic.nu\\\/en\\\/produkter\\\/hd-wzm-7q1080-set-7-wireless-ahd-1080p-quad-monitor-with-camera\\\/\",\"url\":\"https:\\\/\\\/wipomatic.nu\\\/en\\\/produkter\\\/hd-wzm-7q1080-set-7-wireless-ahd-1080p-quad-monitor-with-camera\\\/\",\"name\":\"HD-WZM-7Q1080-Set, 7\\\" Wireless AHD 1080P Quad Monitor with Camera - WIP\",\"isPartOf\":{\"@id\":\"https:\\\/\\\/wipomatic.nu\\\/#website\"},\"primaryImageOfPage\":{\"@id\":\"https:\\\/\\\/wipomatic.nu\\\/en\\\/produkter\\\/hd-wzm-7q1080-set-7-wireless-ahd-1080p-quad-monitor-with-camera\\\/#primaryimage\"},\"image\":{\"@id\":\"https:\\\/\\\/wipomatic.nu\\\/en\\\/produkter\\\/hd-wzm-7q1080-set-7-wireless-ahd-1080p-quad-monitor-with-camera\\\/#primaryimage\"},\"thumbnailUrl\":\"https:\\\/\\\/wipomatic.nu\\\/wp-content\\\/uploads\\\/2019\\\/05\\\/48-PhotoRoom.jpg\",\"datePublished\":\"2024-08-30T10:57:22+00:00\",\"dateModified\":\"2024-10-12T11:12:57+00:00\",\"breadcrumb\":{\"@id\":\"https:\\\/\\\/wipomatic.nu\\\/en\\\/produkter\\\/hd-wzm-7q1080-set-7-wireless-ahd-1080p-quad-monitor-with-camera\\\/#breadcrumb\"},\"inLanguage\":\"en-US\",\"potentialAction\":[{\"@type\":\"ReadAction\",\"target\":[\"https:\\\/\\\/wipomatic.nu\\\/en\\\/produkter\\\/hd-wzm-7q1080-set-7-wireless-ahd-1080p-quad-monitor-with-camera\\\/\"]}]},{\"@type\":\"ImageObject\",\"inLanguage\":\"en-US\",\"@id\":\"https:\\\/\\\/wipomatic.nu\\\/en\\\/produkter\\\/hd-wzm-7q1080-set-7-wireless-ahd-1080p-quad-monitor-with-camera\\\/#primaryimage\",\"url\":\"https:\\\/\\\/wipomatic.nu\\\/wp-content\\\/uploads\\\/2019\\\/05\\\/48-PhotoRoom.jpg\",\"contentUrl\":\"https:\\\/\\\/wipomatic.nu\\\/wp-content\\\/uploads\\\/2019\\\/05\\\/48-PhotoRoom.jpg\",\"width\":1512,\"height\":1512,\"caption\":\"7\u2033 AHD Monitor, 2,4 GHz Digitalt tr\u00e5dl\u00f6st system integrerat i b\u00e5de kameran och Monitorn. Ing\u00e5r En kamera HD-720 och En 7\u2033 AHD-720 monitor i detta set. Har en r\u00e4ckvidd p\u00e5 upp till 300 meter (fritt) Placera monitorn v\u00e5gr\u00e4tt, vertikalt eller spegelv\u00e4nt Upp till 4 st kameror kan anslutas i monitor. Automatisk synkronisering av kameror. Max splitt av sk\u00e4rmen 2 bilder ( du kan se 2 kameror samtidigt). 10-32V kan anslutas in i b\u00e5de monitorn och kameran.\"},{\"@type\":\"BreadcrumbList\",\"@id\":\"https:\\\/\\\/wipomatic.nu\\\/en\\\/produkter\\\/hd-wzm-7q1080-set-7-wireless-ahd-1080p-quad-monitor-with-camera\\\/#breadcrumb\",\"itemListElement\":[{\"@type\":\"ListItem\",\"position\":1,\"name\":\"Home\",\"item\":\"https:\\\/\\\/wipomatic.nu\\\/en\\\/\"},{\"@type\":\"ListItem\",\"position\":2,\"name\":\"Products\",\"item\":\"https:\\\/\\\/wipomatic.nu\\\/en\\\/products\\\/\"},{\"@type\":\"ListItem\",\"position\":3,\"name\":\"HD-WZM-7Q1080-Set, 7&#8243; Wireless AHD 1080P Quad Monitor with Camera\"}]},{\"@type\":\"WebSite\",\"@id\":\"https:\\\/\\\/wipomatic.nu\\\/#website\",\"url\":\"https:\\\/\\\/wipomatic.nu\\\/\",\"name\":\"WIP\",\"description\":\"\",\"potentialAction\":[{\"@type\":\"SearchAction\",\"target\":{\"@type\":\"EntryPoint\",\"urlTemplate\":\"https:\\\/\\\/wipomatic.nu\\\/?s={search_term_string}\"},\"query-input\":{\"@type\":\"PropertyValueSpecification\",\"valueRequired\":true,\"valueName\":\"search_term_string\"}}],\"inLanguage\":\"en-US\"}]}<\/script>\n<!-- \/ Yoast SEO plugin. -->","yoast_head_json":{"title":"HD-WZM-7Q1080-Set, 7\" Wireless AHD 1080P Quad Monitor with Camera - WIP","robots":{"index":"index","follow":"follow","max-snippet":"max-snippet:-1","max-image-preview":"max-image-preview:large","max-video-preview":"max-video-preview:-1"},"canonical":"https:\/\/wipomatic.nu\/en\/produkter\/hd-wzm-7q1080-set-7-wireless-ahd-1080p-quad-monitor-with-camera\/","og_locale":"en_US","og_type":"article","og_title":"HD-WZM-7Q1080-Set, 7\" Wireless AHD 1080P Quad Monitor with Camera - WIP","og_description":"HD-WZM-7Q1080-Set 7&#8243; Wireless AHD 1080P Quad Monitor, 2.4 GHz Digital wireless system integrated into the monitor with camera Has a range of up to 300 meters (free range) Place the monitor horizontally, vertically or mirrored See up to 4 cameras at the same time (4 cameras can be connected in the monitor). Automatic synchronization of [...]","og_url":"https:\/\/wipomatic.nu\/en\/produkter\/hd-wzm-7q1080-set-7-wireless-ahd-1080p-quad-monitor-with-camera\/","og_site_name":"WIP","article_modified_time":"2024-10-12T11:12:57+00:00","og_image":[{"width":1512,"height":1512,"url":"https:\/\/wipomatic.nu\/wp-content\/uploads\/2019\/05\/48-PhotoRoom.jpg","type":"image\/jpeg"}],"twitter_card":"summary_large_image","twitter_misc":{"Est. reading time":"1 minute"},"schema":{"@context":"https:\/\/schema.org","@graph":[{"@type":"WebPage","@id":"https:\/\/wipomatic.nu\/en\/produkter\/hd-wzm-7q1080-set-7-wireless-ahd-1080p-quad-monitor-with-camera\/","url":"https:\/\/wipomatic.nu\/en\/produkter\/hd-wzm-7q1080-set-7-wireless-ahd-1080p-quad-monitor-with-camera\/","name":"HD-WZM-7Q1080-Set, 7\" Wireless AHD 1080P Quad Monitor with Camera - WIP","isPartOf":{"@id":"https:\/\/wipomatic.nu\/#website"},"primaryImageOfPage":{"@id":"https:\/\/wipomatic.nu\/en\/produkter\/hd-wzm-7q1080-set-7-wireless-ahd-1080p-quad-monitor-with-camera\/#primaryimage"},"image":{"@id":"https:\/\/wipomatic.nu\/en\/produkter\/hd-wzm-7q1080-set-7-wireless-ahd-1080p-quad-monitor-with-camera\/#primaryimage"},"thumbnailUrl":"https:\/\/wipomatic.nu\/wp-content\/uploads\/2019\/05\/48-PhotoRoom.jpg","datePublished":"2024-08-30T10:57:22+00:00","dateModified":"2024-10-12T11:12:57+00:00","breadcrumb":{"@id":"https:\/\/wipomatic.nu\/en\/produkter\/hd-wzm-7q1080-set-7-wireless-ahd-1080p-quad-monitor-with-camera\/#breadcrumb"},"inLanguage":"en-US","potentialAction":[{"@type":"ReadAction","target":["https:\/\/wipomatic.nu\/en\/produkter\/hd-wzm-7q1080-set-7-wireless-ahd-1080p-quad-monitor-with-camera\/"]}]},{"@type":"ImageObject","inLanguage":"en-US","@id":"https:\/\/wipomatic.nu\/en\/produkter\/hd-wzm-7q1080-set-7-wireless-ahd-1080p-quad-monitor-with-camera\/#primaryimage","url":"https:\/\/wipomatic.nu\/wp-content\/uploads\/2019\/05\/48-PhotoRoom.jpg","contentUrl":"https:\/\/wipomatic.nu\/wp-content\/uploads\/2019\/05\/48-PhotoRoom.jpg","width":1512,"height":1512,"caption":"7\u2033 AHD Monitor, 2,4 GHz Digitalt tr\u00e5dl\u00f6st system integrerat i b\u00e5de kameran och Monitorn. Ing\u00e5r En kamera HD-720 och En 7\u2033 AHD-720 monitor i detta set. Har en r\u00e4ckvidd p\u00e5 upp till 300 meter (fritt) Placera monitorn v\u00e5gr\u00e4tt, vertikalt eller spegelv\u00e4nt Upp till 4 st kameror kan anslutas i monitor. Automatisk synkronisering av kameror. Max splitt av sk\u00e4rmen 2 bilder ( du kan se 2 kameror samtidigt). 10-32V kan anslutas in i b\u00e5de monitorn och kameran."},{"@type":"BreadcrumbList","@id":"https:\/\/wipomatic.nu\/en\/produkter\/hd-wzm-7q1080-set-7-wireless-ahd-1080p-quad-monitor-with-camera\/#breadcrumb","itemListElement":[{"@type":"ListItem","position":1,"name":"Home","item":"https:\/\/wipomatic.nu\/en\/"},{"@type":"ListItem","position":2,"name":"Products","item":"https:\/\/wipomatic.nu\/en\/products\/"},{"@type":"ListItem","position":3,"name":"HD-WZM-7Q1080-Set, 7&#8243; Wireless AHD 1080P Quad Monitor with Camera"}]},{"@type":"WebSite","@id":"https:\/\/wipomatic.nu\/#website","url":"https:\/\/wipomatic.nu\/","name":"WIP","description":"","potentialAction":[{"@type":"SearchAction","target":{"@type":"EntryPoint","urlTemplate":"https:\/\/wipomatic.nu\/?s={search_term_string}"},"query-input":{"@type":"PropertyValueSpecification","valueRequired":true,"valueName":"search_term_string"}}],"inLanguage":"en-US"}]}},"_links":{"self":[{"href":"https:\/\/wipomatic.nu\/en\/wp-json\/wp\/v2\/product\/11271","targetHints":{"allow":["GET"]}}],"collection":[{"href":"https:\/\/wipomatic.nu\/en\/wp-json\/wp\/v2\/product"}],"about":[{"href":"https:\/\/wipomatic.nu\/en\/wp-json\/wp\/v2\/types\/product"}],"wp:featuredmedia":[{"embeddable":true,"href":"https:\/\/wipomatic.nu\/en\/wp-json\/wp\/v2\/media\/10392"}],"wp:attachment":[{"href":"https:\/\/wipomatic.nu\/en\/wp-json\/wp\/v2\/media?parent=11271"}],"wp:term":[{"taxonomy":"product_brand","embeddable":true,"href":"https:\/\/wipomatic.nu\/en\/wp-json\/wp\/v2\/product_brand?post=11271"},{"taxonomy":"product_cat","embeddable":true,"href":"https:\/\/wipomatic.nu\/en\/wp-json\/wp\/v2\/product_cat?post=11271"},{"taxonomy":"product_tag","embeddable":true,"href":"https:\/\/wipomatic.nu\/en\/wp-json\/wp\/v2\/product_tag?post=11271"}],"curies":[{"name":"wp","href":"https:\/\/api.w.org\/{rel}","templated":true}]}}