{"id":11249,"date":"2024-08-19T16:36:00","date_gmt":"2024-08-19T14:36:01","guid":{"rendered":"https:\/\/wipomatic.nu\/?post_type=product&#038;p=11249"},"modified":"2024-10-12T13:13:44","modified_gmt":"2024-10-12T11:13:44","slug":"fhd-wt1080-v-wireless-visor-camera-1080p","status":"publish","type":"product","link":"https:\/\/wipomatic.nu\/en\/produkter\/fhd-wt1080-v-wireless-visor-camera-1080p\/","title":{"rendered":"FHD-WT1080-V, Wireless visor camera 1080P"},"content":{"rendered":"<p>FHD-WT1080-V, Wireless visor camera 1080P<\/p>\n<ul>\n<li>Waterproof IP69K<\/li>\n<li>Nightvision distance: approx 15 meters (4 infrared lights)<\/li>\n<li>Smart IR function available<\/li>\n<li>10-32 V wide power supply input available<\/li>\n<li>Anti vibration: ISO 16750-3 (Max 17.3G)<\/li>\n<li>Image Device: 1\/4&#8243; CMOS HM1246<\/li>\n<li>TV System: PAL\/NTSC<\/li>\n<li>Pixels 1280 (H) x 720 (V)<\/li>\n<li>Microphone<\/li>\n<li>Video Output: 8 bits YUV<\/li>\n<li>Operation Frequency:\u00a0 2412MHz &#8211; 2667MHz<\/li>\n<li>Transmitting distance: 300 meters (barrier free)<\/li>\n<li>Operating Temperature:\u00a0 -20 &#8211; +70 degrees, RH 90%<\/li>\n<li>Storage Temperature : -30 &#8211; +80 degrees, RH 90%<\/li>\n<\/ul>\n<p>If you want to buy more cameras without shutter\/visor you use Art.no FHD-WT-1080<\/p>\n","protected":false},"excerpt":{"rendered":"<p>FHD-WT1080-V, Wireless visor camera 1080P Waterproof IP69K Nightvision distance: approx 15 meters (4 infrared lights) Smart IR function available 10-32 V wide power supply input available Anti vibration: ISO 16750-3 (Max 17.3G) Image Device: 1\/4&#8243; CMOS HM1246 TV System: PAL\/NTSC Pixels 1280 (H) x 720 (V) Microphone Video Output: 8 bits YUV Operation Frequency:\u00a0 2412MHz [&#8230;]\n","protected":false},"featured_media":8632,"template":"","meta":[],"product_brand":[],"product_cat":[546,468,471,451,556],"product_tag":[530],"class_list":{"0":"post-11249","1":"product","2":"type-product","3":"status-publish","4":"has-post-thumbnail","6":"product_cat-news-and-top-choice","7":"product_cat-rear-view-camera","8":"product_cat-standard-line-rear-view-camera","9":"product_cat-wipomatic-en","10":"product_cat-wireless","11":"product_tag-first-page","13":"first","14":"instock","15":"taxable","16":"shipping-taxable","17":"purchasable","18":"product-type-simple"},"yoast_head":"<!-- This site is optimized with the Yoast SEO plugin v27.4 - https:\/\/yoast.com\/product\/yoast-seo-wordpress\/ -->\n<title>FHD-WT1080-V, Wireless visor camera 1080P - WIP<\/title>\n<meta name=\"robots\" content=\"index, follow, max-snippet:-1, max-image-preview:large, max-video-preview:-1\" \/>\n<link rel=\"canonical\" href=\"https:\/\/wipomatic.nu\/en\/produkter\/fhd-wt1080-v-wireless-visor-camera-1080p\/\" \/>\n<meta property=\"og:locale\" content=\"en_US\" \/>\n<meta property=\"og:type\" content=\"article\" \/>\n<meta property=\"og:title\" content=\"FHD-WT1080-V, Wireless visor camera 1080P - WIP\" \/>\n<meta property=\"og:description\" content=\"FHD-WT1080-V, Wireless visor camera 1080P Waterproof IP69K Nightvision distance: approx 15 meters (4 infrared lights) Smart IR function available 10-32 V wide power supply input available Anti vibration: ISO 16750-3 (Max 17.3G) Image Device: 1\/4&#8243; CMOS HM1246 TV System: PAL\/NTSC Pixels 1280 (H) x 720 (V) Microphone Video Output: 8 bits YUV Operation Frequency:\u00a0 2412MHz [...]\" \/>\n<meta property=\"og:url\" content=\"https:\/\/wipomatic.nu\/en\/produkter\/fhd-wt1080-v-wireless-visor-camera-1080p\/\" \/>\n<meta property=\"og:site_name\" content=\"WIP\" \/>\n<meta property=\"article:modified_time\" content=\"2024-10-12T11:13:44+00:00\" \/>\n<meta property=\"og:image\" content=\"https:\/\/wipomatic.nu\/wp-content\/uploads\/2019\/05\/HDV-Tr\u00e5dl\u00f6s-visirkamera.png\" \/>\n\t<meta property=\"og:image:width\" content=\"768\" \/>\n\t<meta property=\"og:image:height\" content=\"1295\" \/>\n\t<meta property=\"og:image:type\" content=\"image\/png\" \/>\n<meta name=\"twitter:card\" content=\"summary_large_image\" \/>\n<meta name=\"twitter:label1\" content=\"Est. reading time\" \/>\n\t<meta name=\"twitter:data1\" content=\"1 minute\" \/>\n<script type=\"application\/ld+json\" class=\"yoast-schema-graph\">{\"@context\":\"https:\\\/\\\/schema.org\",\"@graph\":[{\"@type\":\"WebPage\",\"@id\":\"https:\\\/\\\/wipomatic.nu\\\/en\\\/produkter\\\/fhd-wt1080-v-wireless-visor-camera-1080p\\\/\",\"url\":\"https:\\\/\\\/wipomatic.nu\\\/en\\\/produkter\\\/fhd-wt1080-v-wireless-visor-camera-1080p\\\/\",\"name\":\"FHD-WT1080-V, Wireless visor camera 1080P - WIP\",\"isPartOf\":{\"@id\":\"https:\\\/\\\/wipomatic.nu\\\/#website\"},\"primaryImageOfPage\":{\"@id\":\"https:\\\/\\\/wipomatic.nu\\\/en\\\/produkter\\\/fhd-wt1080-v-wireless-visor-camera-1080p\\\/#primaryimage\"},\"image\":{\"@id\":\"https:\\\/\\\/wipomatic.nu\\\/en\\\/produkter\\\/fhd-wt1080-v-wireless-visor-camera-1080p\\\/#primaryimage\"},\"thumbnailUrl\":\"https:\\\/\\\/wipomatic.nu\\\/wp-content\\\/uploads\\\/2019\\\/05\\\/HDV-Tr\u00e5dl\u00f6s-visirkamera.png\",\"datePublished\":\"2024-08-19T14:36:01+00:00\",\"dateModified\":\"2024-10-12T11:13:44+00:00\",\"breadcrumb\":{\"@id\":\"https:\\\/\\\/wipomatic.nu\\\/en\\\/produkter\\\/fhd-wt1080-v-wireless-visor-camera-1080p\\\/#breadcrumb\"},\"inLanguage\":\"en-US\",\"potentialAction\":[{\"@type\":\"ReadAction\",\"target\":[\"https:\\\/\\\/wipomatic.nu\\\/en\\\/produkter\\\/fhd-wt1080-v-wireless-visor-camera-1080p\\\/\"]}]},{\"@type\":\"ImageObject\",\"inLanguage\":\"en-US\",\"@id\":\"https:\\\/\\\/wipomatic.nu\\\/en\\\/produkter\\\/fhd-wt1080-v-wireless-visor-camera-1080p\\\/#primaryimage\",\"url\":\"https:\\\/\\\/wipomatic.nu\\\/wp-content\\\/uploads\\\/2019\\\/05\\\/HDV-Tr\u00e5dl\u00f6s-visirkamera.png\",\"contentUrl\":\"https:\\\/\\\/wipomatic.nu\\\/wp-content\\\/uploads\\\/2019\\\/05\\\/HDV-Tr\u00e5dl\u00f6s-visirkamera.png\",\"width\":768,\"height\":1295,\"caption\":\"FHD Tr\u00e5dl\u00f6s visirkamera 1080P\"},{\"@type\":\"BreadcrumbList\",\"@id\":\"https:\\\/\\\/wipomatic.nu\\\/en\\\/produkter\\\/fhd-wt1080-v-wireless-visor-camera-1080p\\\/#breadcrumb\",\"itemListElement\":[{\"@type\":\"ListItem\",\"position\":1,\"name\":\"Home\",\"item\":\"https:\\\/\\\/wipomatic.nu\\\/en\\\/\"},{\"@type\":\"ListItem\",\"position\":2,\"name\":\"Products\",\"item\":\"https:\\\/\\\/wipomatic.nu\\\/en\\\/products\\\/\"},{\"@type\":\"ListItem\",\"position\":3,\"name\":\"FHD-WT1080-V, Wireless visor camera 1080P\"}]},{\"@type\":\"WebSite\",\"@id\":\"https:\\\/\\\/wipomatic.nu\\\/#website\",\"url\":\"https:\\\/\\\/wipomatic.nu\\\/\",\"name\":\"WIP\",\"description\":\"\",\"potentialAction\":[{\"@type\":\"SearchAction\",\"target\":{\"@type\":\"EntryPoint\",\"urlTemplate\":\"https:\\\/\\\/wipomatic.nu\\\/?s={search_term_string}\"},\"query-input\":{\"@type\":\"PropertyValueSpecification\",\"valueRequired\":true,\"valueName\":\"search_term_string\"}}],\"inLanguage\":\"en-US\"}]}<\/script>\n<!-- \/ Yoast SEO plugin. -->","yoast_head_json":{"title":"FHD-WT1080-V, Wireless visor camera 1080P - WIP","robots":{"index":"index","follow":"follow","max-snippet":"max-snippet:-1","max-image-preview":"max-image-preview:large","max-video-preview":"max-video-preview:-1"},"canonical":"https:\/\/wipomatic.nu\/en\/produkter\/fhd-wt1080-v-wireless-visor-camera-1080p\/","og_locale":"en_US","og_type":"article","og_title":"FHD-WT1080-V, Wireless visor camera 1080P - WIP","og_description":"FHD-WT1080-V, Wireless visor camera 1080P Waterproof IP69K Nightvision distance: approx 15 meters (4 infrared lights) Smart IR function available 10-32 V wide power supply input available Anti vibration: ISO 16750-3 (Max 17.3G) Image Device: 1\/4&#8243; CMOS HM1246 TV System: PAL\/NTSC Pixels 1280 (H) x 720 (V) Microphone Video Output: 8 bits YUV Operation Frequency:\u00a0 2412MHz [...]","og_url":"https:\/\/wipomatic.nu\/en\/produkter\/fhd-wt1080-v-wireless-visor-camera-1080p\/","og_site_name":"WIP","article_modified_time":"2024-10-12T11:13:44+00:00","og_image":[{"width":768,"height":1295,"url":"https:\/\/wipomatic.nu\/wp-content\/uploads\/2019\/05\/HDV-Tr\u00e5dl\u00f6s-visirkamera.png","type":"image\/png"}],"twitter_card":"summary_large_image","twitter_misc":{"Est. reading time":"1 minute"},"schema":{"@context":"https:\/\/schema.org","@graph":[{"@type":"WebPage","@id":"https:\/\/wipomatic.nu\/en\/produkter\/fhd-wt1080-v-wireless-visor-camera-1080p\/","url":"https:\/\/wipomatic.nu\/en\/produkter\/fhd-wt1080-v-wireless-visor-camera-1080p\/","name":"FHD-WT1080-V, Wireless visor camera 1080P - WIP","isPartOf":{"@id":"https:\/\/wipomatic.nu\/#website"},"primaryImageOfPage":{"@id":"https:\/\/wipomatic.nu\/en\/produkter\/fhd-wt1080-v-wireless-visor-camera-1080p\/#primaryimage"},"image":{"@id":"https:\/\/wipomatic.nu\/en\/produkter\/fhd-wt1080-v-wireless-visor-camera-1080p\/#primaryimage"},"thumbnailUrl":"https:\/\/wipomatic.nu\/wp-content\/uploads\/2019\/05\/HDV-Tr\u00e5dl\u00f6s-visirkamera.png","datePublished":"2024-08-19T14:36:01+00:00","dateModified":"2024-10-12T11:13:44+00:00","breadcrumb":{"@id":"https:\/\/wipomatic.nu\/en\/produkter\/fhd-wt1080-v-wireless-visor-camera-1080p\/#breadcrumb"},"inLanguage":"en-US","potentialAction":[{"@type":"ReadAction","target":["https:\/\/wipomatic.nu\/en\/produkter\/fhd-wt1080-v-wireless-visor-camera-1080p\/"]}]},{"@type":"ImageObject","inLanguage":"en-US","@id":"https:\/\/wipomatic.nu\/en\/produkter\/fhd-wt1080-v-wireless-visor-camera-1080p\/#primaryimage","url":"https:\/\/wipomatic.nu\/wp-content\/uploads\/2019\/05\/HDV-Tr\u00e5dl\u00f6s-visirkamera.png","contentUrl":"https:\/\/wipomatic.nu\/wp-content\/uploads\/2019\/05\/HDV-Tr\u00e5dl\u00f6s-visirkamera.png","width":768,"height":1295,"caption":"FHD Tr\u00e5dl\u00f6s visirkamera 1080P"},{"@type":"BreadcrumbList","@id":"https:\/\/wipomatic.nu\/en\/produkter\/fhd-wt1080-v-wireless-visor-camera-1080p\/#breadcrumb","itemListElement":[{"@type":"ListItem","position":1,"name":"Home","item":"https:\/\/wipomatic.nu\/en\/"},{"@type":"ListItem","position":2,"name":"Products","item":"https:\/\/wipomatic.nu\/en\/products\/"},{"@type":"ListItem","position":3,"name":"FHD-WT1080-V, Wireless visor camera 1080P"}]},{"@type":"WebSite","@id":"https:\/\/wipomatic.nu\/#website","url":"https:\/\/wipomatic.nu\/","name":"WIP","description":"","potentialAction":[{"@type":"SearchAction","target":{"@type":"EntryPoint","urlTemplate":"https:\/\/wipomatic.nu\/?s={search_term_string}"},"query-input":{"@type":"PropertyValueSpecification","valueRequired":true,"valueName":"search_term_string"}}],"inLanguage":"en-US"}]}},"_links":{"self":[{"href":"https:\/\/wipomatic.nu\/en\/wp-json\/wp\/v2\/product\/11249","targetHints":{"allow":["GET"]}}],"collection":[{"href":"https:\/\/wipomatic.nu\/en\/wp-json\/wp\/v2\/product"}],"about":[{"href":"https:\/\/wipomatic.nu\/en\/wp-json\/wp\/v2\/types\/product"}],"wp:featuredmedia":[{"embeddable":true,"href":"https:\/\/wipomatic.nu\/en\/wp-json\/wp\/v2\/media\/8632"}],"wp:attachment":[{"href":"https:\/\/wipomatic.nu\/en\/wp-json\/wp\/v2\/media?parent=11249"}],"wp:term":[{"taxonomy":"product_brand","embeddable":true,"href":"https:\/\/wipomatic.nu\/en\/wp-json\/wp\/v2\/product_brand?post=11249"},{"taxonomy":"product_cat","embeddable":true,"href":"https:\/\/wipomatic.nu\/en\/wp-json\/wp\/v2\/product_cat?post=11249"},{"taxonomy":"product_tag","embeddable":true,"href":"https:\/\/wipomatic.nu\/en\/wp-json\/wp\/v2\/product_tag?post=11249"}],"curies":[{"name":"wp","href":"https:\/\/api.w.org\/{rel}","templated":true}]}}